{"id":20,"date":"2023-04-27T14:02:20","date_gmt":"2023-04-27T12:02:20","guid":{"rendered":"https:\/\/es.lugrest.com\/?page_id=20"},"modified":"2025-02-04T10:13:46","modified_gmt":"2025-02-04T09:13:46","slug":"quienes-somos","status":"publish","type":"page","link":"https:\/\/es.lugrest.com\/?page_id=20","title":{"rendered":"Qui\u00e9nes Somos"},"content":{"rendered":"\n<div class=\"wp-block-media-text alignwide has-media-on-the-right is-stacked-on-mobile is-vertically-aligned-center\" style=\"grid-template-columns:auto 47%\"><div class=\"wp-block-media-text__content\">\n<p class=\"has-medium-font-size\">Fundada con pasi\u00f3n por la calidad y dedicaci\u00f3n a la salud, LUGREST ha sido un nombre de confianza en el mercado mayorista durante los \u00faltimos a\u00f1os. Nuestra trayectoria comenz\u00f3 con una visi\u00f3n sencilla: proporcionar nueces, frutas secas, especias, semillas, granos y legumbres de primera calidad a clientes que valoran la calidad y la frescura.<\/p>\n\n\n\n<p class=\"has-medium-font-size\">Nuestros fundadores empezaron LUGREST con un equipo muy peque\u00f1o y un gran sue\u00f1o. Desde nuestros humildes comienzos, estamos creciendo hasta convertirnos en un mayorista l\u00edder, conocido por nuestro compromiso de obtener los mejores productos de todo el mundo. Cada producto es cuidadosamente seleccionado para garantizar que cumpla con nuestros altos est\u00e1ndares.<\/p>\n\n\n\n<p class=\"has-medium-font-size\">A lo largo de los a\u00f1os, hemos construido fuertes relaciones con proveedores y clientes por igual. Nuestra dedicaci\u00f3n a la calidad y al servicio nos ha ganado una reputaci\u00f3n de excelencia. Nos enorgullecemos de nuestros meticulosos procesos de empaque, que garantizan que nuestros productos conserven sus sabores y nutrientes naturales.<\/p>\n\n\n\n<p class=\"has-medium-font-size\">A medida que continuamos creciendo, nuestra misi\u00f3n sigue siendo la misma: brindarle los mejores productos y un servicio excepcional. Estamos agradecidos a nuestros leales clientes y socios que nos han apoyado en este incre\u00edble viaje. Juntos, esperamos muchos m\u00e1s a\u00f1os de brindar bondad saludable.<\/p>\n<\/div><figure class=\"wp-block-media-text__media\"><img decoding=\"async\" src=\"https:\/\/lugrest.com\/wp-content\/uploads\/2023\/04\/Lugrest_Color-1024x1024.jpg\" alt=\"\" class=\"wp-image-122 size-full\"\/><\/figure><\/div>\n","protected":false},"excerpt":{"rendered":"<p>Fundada con pasi\u00f3n por la calidad y dedicaci\u00f3n a la salud, LUGREST ha sido un nombre de confianza en el mercado mayorista durante los \u00faltimos a\u00f1os. Nuestra trayectoria comenz\u00f3 con una visi\u00f3n sencilla: proporcionar nueces, frutas secas, especias, semillas, granos y legumbres de primera calidad a clientes que valoran la calidad y la frescura. Nuestros [&hellip;]<\/p>\n","protected":false},"author":1,"featured_media":0,"parent":0,"menu_order":0,"comment_status":"closed","ping_status":"closed","template":"","meta":{"footnotes":""},"class_list":["post-20","page","type-page","status-publish","hentry"],"_links":{"self":[{"href":"https:\/\/es.lugrest.com\/index.php?rest_route=\/wp\/v2\/pages\/20","targetHints":{"allow":["GET"]}}],"collection":[{"href":"https:\/\/es.lugrest.com\/index.php?rest_route=\/wp\/v2\/pages"}],"about":[{"href":"https:\/\/es.lugrest.com\/index.php?rest_route=\/wp\/v2\/types\/page"}],"author":[{"embeddable":true,"href":"https:\/\/es.lugrest.com\/index.php?rest_route=\/wp\/v2\/users\/1"}],"replies":[{"embeddable":true,"href":"https:\/\/es.lugrest.com\/index.php?rest_route=%2Fwp%2Fv2%2Fcomments&post=20"}],"version-history":[{"count":5,"href":"https:\/\/es.lugrest.com\/index.php?rest_route=\/wp\/v2\/pages\/20\/revisions"}],"predecessor-version":[{"id":155,"href":"https:\/\/es.lugrest.com\/index.php?rest_route=\/wp\/v2\/pages\/20\/revisions\/155"}],"wp:attachment":[{"href":"https:\/\/es.lugrest.com\/index.php?rest_route=%2Fwp%2Fv2%2Fmedia&parent=20"}],"curies":[{"name":"wp","href":"https:\/\/api.w.org\/{rel}","templated":true}]}}