{"id":78,"date":"2023-05-08T10:35:11","date_gmt":"2023-05-08T08:35:11","guid":{"rendered":"https:\/\/es.lugrest.com\/?page_id=78"},"modified":"2024-01-02T09:58:15","modified_gmt":"2024-01-02T08:58:15","slug":"semillas","status":"publish","type":"page","link":"https:\/\/es.lugrest.com\/?page_id=78","title":{"rendered":"Semillas"},"content":{"rendered":"\n<div style=\"height:19px\" aria-hidden=\"true\" class=\"wp-block-spacer\"><\/div>\n\n\n\n<p><strong>Le animamos a que pregunte por las diversas categor\u00edas disponibles para nuestros productos.<\/strong><\/p>\n\n\n\n<figure class=\"wp-block-image size-full\"><img loading=\"lazy\" decoding=\"async\" width=\"510\" height=\"656\" src=\"https:\/\/es.lugrest.com\/wp-content\/uploads\/2023\/05\/ES_5.jpg\" alt=\"\" class=\"wp-image-87\" srcset=\"https:\/\/es.lugrest.com\/wp-content\/uploads\/2023\/05\/ES_5.jpg 510w, https:\/\/es.lugrest.com\/wp-content\/uploads\/2023\/05\/ES_5-233x300.jpg 233w\" sizes=\"auto, (max-width: 510px) 100vw, 510px\" \/><\/figure>\n\n\n\n<p><strong>Para m\u00e1s informaci\u00f3n no dude en ponerse en contacto con nosotros por correo electr\u00f3nico a <a href=\"mailto:lugrest@lugrest.com\">lugrest@lugrest.com<\/a><\/strong><\/p>\n\n\n\n<div style=\"height:22px\" aria-hidden=\"true\" class=\"wp-block-spacer\"><\/div>\n\n\n\n<div class=\"wp-block-buttons is-content-justification-left is-layout-flex wp-container-core-buttons-is-layout-fc4fd283 wp-block-buttons-is-layout-flex\">\n<div class=\"wp-block-button\"><a class=\"wp-block-button__link has-base-color has-text-color has-background wp-element-button\" href=\"https:\/\/es.lugrest.com\/?page_id=24\" style=\"background:linear-gradient(151deg,rgb(6,103,17) 0%,rgb(6,103,17) 48%,rgb(83,24,138) 100%)\">CONTACTO<\/a><\/div>\n\n\n\n<div class=\"wp-block-button\"><a class=\"wp-block-button__link has-base-color has-text-color has-background wp-element-button\" href=\"https:\/\/es.lugrest.com\/?page_id=32\" style=\"background:linear-gradient(151deg,rgb(6,103,17) 0%,rgb(6,103,17) 48%,rgb(83,24,138) 100%)\">SERVICIO<\/a><\/div>\n<\/div>\n","protected":false},"excerpt":{"rendered":"<p>Le animamos a que pregunte por las diversas categor\u00edas disponibles para nuestros productos. Para m\u00e1s informaci\u00f3n no dude en ponerse en contacto con nosotros por correo electr\u00f3nico a lugrest@lugrest.com<\/p>\n","protected":false},"author":1,"featured_media":0,"parent":0,"menu_order":0,"comment_status":"closed","ping_status":"closed","template":"","meta":{"footnotes":""},"class_list":["post-78","page","type-page","status-publish","hentry"],"_links":{"self":[{"href":"https:\/\/es.lugrest.com\/index.php?rest_route=\/wp\/v2\/pages\/78","targetHints":{"allow":["GET"]}}],"collection":[{"href":"https:\/\/es.lugrest.com\/index.php?rest_route=\/wp\/v2\/pages"}],"about":[{"href":"https:\/\/es.lugrest.com\/index.php?rest_route=\/wp\/v2\/types\/page"}],"author":[{"embeddable":true,"href":"https:\/\/es.lugrest.com\/index.php?rest_route=\/wp\/v2\/users\/1"}],"replies":[{"embeddable":true,"href":"https:\/\/es.lugrest.com\/index.php?rest_route=%2Fwp%2Fv2%2Fcomments&post=78"}],"version-history":[{"count":3,"href":"https:\/\/es.lugrest.com\/index.php?rest_route=\/wp\/v2\/pages\/78\/revisions"}],"predecessor-version":[{"id":142,"href":"https:\/\/es.lugrest.com\/index.php?rest_route=\/wp\/v2\/pages\/78\/revisions\/142"}],"wp:attachment":[{"href":"https:\/\/es.lugrest.com\/index.php?rest_route=%2Fwp%2Fv2%2Fmedia&parent=78"}],"curies":[{"name":"wp","href":"https:\/\/api.w.org\/{rel}","templated":true}]}}